{"id":360,"date":"2016-03-14T15:59:52","date_gmt":"2016-03-14T14:59:52","guid":{"rendered":"http:\/\/www.multiblast.ca\/accueil\/?lang=en"},"modified":"2016-04-18T14:30:34","modified_gmt":"2016-04-18T18:30:34","slug":"accueil","status":"publish","type":"page","link":"https:\/\/www.multiblast.ca\/en\/","title":{"rendered":"Home"},"content":{"rendered":"<div id=\"pl-360\"  class=\"panel-layout\" ><div id=\"pg-360-0\"  class=\"panel-grid panel-has-style\" ><div class=\"brochure siteorigin-panels-stretch full panel-row-style panel-row-style-for-360-0\" ><div id=\"pgc-360-0-0\"  class=\"panel-grid-cell\" ><div id=\"panel-360-0-0-0\" class=\"so-panel widget widget_siteorigin-panels-builder panel-first-child panel-last-child\" data-index=\"0\" ><div class=\"panel-widget-style panel-widget-style-for-360-0-0-0\" ><div id=\"pl-w57151ba2dc2b3\"  class=\"panel-layout\" ><div id=\"pg-w57151ba2dc2b3-0\"  class=\"panel-grid panel-has-style\" ><div class=\"siteorigin-panels-stretch boxed panel-row-style panel-row-style-for-w57151ba2dc2b3-0\" ><div id=\"pgc-w57151ba2dc2b3-0-0\"  class=\"panel-grid-cell\" ><div id=\"panel-w57151ba2dc2b3-0-0-0\" class=\"so-panel widget widget_element-titre panel-first-child panel-last-child\" data-index=\"0\" ><div class=\"so-widget-element-titre so-widget-element-titre-base\"><div class=\"gauche\"><h3>T\u00e9l\u00e9charger notre brochure de services<\/h3><\/div><\/div><\/div><\/div><div id=\"pgc-w57151ba2dc2b3-0-1\"  class=\"panel-grid-cell\" ><div id=\"panel-w57151ba2dc2b3-0-1-0\" class=\"so-panel widget widget_icone-fa panel-first-child panel-last-child\" data-index=\"1\" ><div class=\"so-widget-icone-fa so-widget-icone-fa-base\">\n<a target=\"_blank\" href=\"http:\/\/www.multiblast.ca\/wp-content\/uploads\/multiblast-brochure-fr.pdf\"><i class=\"fa fa-arrow-down\"><\/a><\/i><\/div><\/div><\/div><\/div><\/div><\/div><\/div><\/div><\/div><\/div><\/div><div id=\"pg-360-1\"  class=\"panel-grid panel-has-style\" ><div class=\"siteorigin-panels-stretch boxed panel-row-style panel-row-style-for-360-1\" ><div id=\"pgc-360-1-0\"  class=\"panel-grid-cell\" ><div id=\"panel-360-1-0-0\" class=\"so-panel widget widget_element-titre panel-first-child\" data-index=\"1\" ><div class=\"so-widget-element-titre so-widget-element-titre-base\"><div class=\"gauche\"><h2>Services Multiblast<\/h2><\/div><\/div><\/div><div id=\"panel-360-1-0-1\" class=\"so-panel widget widget_element-titre\" data-index=\"2\" ><div class=\"so-widget-element-titre so-widget-element-titre-base\"><div class=\"gauche\"><h5>Proc\u00e9d\u00e9s et produits \u00e9cologiques de glace s\u00e8che et sodablast<\/h5><\/div><\/div><\/div><div class=\"so-widget-services-accueil-section so-widget-services-accueil-section-base\">\n<div id=\"content\">\n    <!-- Loop | Services -->\n        <a href=\"http:\/\/www.multiblast.ca\/en\/services\/cleaning-en\"><div class=\"service_wrap_action\"><div class=\"projet_wrap_home\"><div class=\"projet_wrap_home_icon\"><img width=\"600\" height=\"600\" src=\"https:\/\/www.multiblast.ca\/wp-content\/uploads\/nettoyage-services-multiblast.jpg\" class=\"attachment-post-thumbnail size-post-thumbnail wp-post-image\" alt=\"Nettoyage - Services - Multiblast\" loading=\"lazy\" srcset=\"https:\/\/www.multiblast.ca\/wp-content\/uploads\/nettoyage-services-multiblast.jpg 600w, https:\/\/www.multiblast.ca\/wp-content\/uploads\/nettoyage-services-multiblast-150x150.jpg 150w, https:\/\/www.multiblast.ca\/wp-content\/uploads\/nettoyage-services-multiblast-300x300.jpg 300w\" sizes=\"(max-width: 600px) 100vw, 600px\" \/><\/div><div class=\"projet_wrap_home_info\"><h4>Cleaning<\/h4><p>Un nettoyage efficace augmente la dur\u00e9e de vie des \u00e9quipements, ce qui diminue les co\u00fbts associ\u00e9s aux arr\u00eats de production, de remplacement et de location d`\u00e9quipements.<\/p>\n<\/div><\/div><\/div><\/a><a href=\"http:\/\/www.multiblast.ca\/en\/services\/decontamination-en\"><div class=\"service_wrap_action\"><div class=\"projet_wrap_home\"><div class=\"projet_wrap_home_icon\"><img width=\"600\" height=\"600\" src=\"https:\/\/www.multiblast.ca\/wp-content\/uploads\/decontamination-services-multiblast.jpg\" class=\"attachment-post-thumbnail size-post-thumbnail wp-post-image\" alt=\"D\u00e9contamination et assainissement - Services - Multiblast\" loading=\"lazy\" srcset=\"https:\/\/www.multiblast.ca\/wp-content\/uploads\/decontamination-services-multiblast.jpg 600w, https:\/\/www.multiblast.ca\/wp-content\/uploads\/decontamination-services-multiblast-150x150.jpg 150w, https:\/\/www.multiblast.ca\/wp-content\/uploads\/decontamination-services-multiblast-300x300.jpg 300w\" sizes=\"(max-width: 600px) 100vw, 600px\" \/><\/div><div class=\"projet_wrap_home_info\"><h4>D\u00e9contamination-en<\/h4><p>Les m\u00e9thodes de nettoyage traditionnelles sont longues et fastidieuses et peuvent s\u2019av\u00e9rer inefficaces pour l&#8217;\u00e9limination compl\u00e8te des dommages caus\u00e9s par le feu, la fum\u00e9e, l\u2019eau ou la moisissure.<\/p>\n<\/div><\/div><\/div><\/a><a href=\"http:\/\/www.multiblast.ca\/en\/services\/peinture-en\"><div class=\"service_wrap_action\"><div class=\"projet_wrap_home\"><div class=\"projet_wrap_home_icon\"><img width=\"600\" height=\"600\" src=\"https:\/\/www.multiblast.ca\/wp-content\/uploads\/peinture-services-multiblast.jpg\" class=\"attachment-post-thumbnail size-post-thumbnail wp-post-image\" alt=\"Peinture - Services - Multiblast\" loading=\"lazy\" srcset=\"https:\/\/www.multiblast.ca\/wp-content\/uploads\/peinture-services-multiblast.jpg 600w, https:\/\/www.multiblast.ca\/wp-content\/uploads\/peinture-services-multiblast-150x150.jpg 150w, https:\/\/www.multiblast.ca\/wp-content\/uploads\/peinture-services-multiblast-300x300.jpg 300w\" sizes=\"(max-width: 600px) 100vw, 600px\" \/><\/div><div class=\"projet_wrap_home_info\"><h4>Peinture-en<\/h4><p>Afin d&#8217;am\u00e9liorer la long\u00e9vit\u00e9 de votre machinerie et de votre \u00e9quipement, nous offrons des solutions de rev\u00eatements durables pour tous les types de surfaces et d&#8217;applications, quel que soit le secteur d&#8217;activit\u00e9.<\/p>\n<\/div><\/div><\/div><\/a><a href=\"http:\/\/www.multiblast.ca\/en\/services\/restauration-en\"><div class=\"service_wrap_action\"><div class=\"projet_wrap_home\"><div class=\"projet_wrap_home_icon\"><img width=\"600\" height=\"600\" src=\"https:\/\/www.multiblast.ca\/wp-content\/uploads\/restauration-services-multiblast.jpg\" class=\"attachment-post-thumbnail size-post-thumbnail wp-post-image\" alt=\"Restauration - Services - Multiblast\" loading=\"lazy\" srcset=\"https:\/\/www.multiblast.ca\/wp-content\/uploads\/restauration-services-multiblast.jpg 600w, https:\/\/www.multiblast.ca\/wp-content\/uploads\/restauration-services-multiblast-150x150.jpg 150w, https:\/\/www.multiblast.ca\/wp-content\/uploads\/restauration-services-multiblast-300x300.jpg 300w\" sizes=\"(max-width: 600px) 100vw, 600px\" \/><\/div><div class=\"projet_wrap_home_info\"><h4>Restauration-en<\/h4><p>La glace s\u00e8che est id\u00e9ale pour enlever les accumulations de graisse, d`huile et de suie sur les \u00e9quipements de production. Ces accumulations peuvent nuire au bon fonctionnement des \u00e9quipements.<\/p>\n<\/div><\/div><\/div><\/a><a href=\"http:\/\/www.multiblast.ca\/en\/services\/distribution-en\"><div class=\"service_wrap_action\"><div class=\"projet_wrap_home\"><div class=\"projet_wrap_home_icon\"><img width=\"600\" height=\"600\" src=\"https:\/\/www.multiblast.ca\/wp-content\/uploads\/distribution-services-multiblast.jpg\" class=\"attachment-post-thumbnail size-post-thumbnail wp-post-image\" alt=\"\" loading=\"lazy\" srcset=\"https:\/\/www.multiblast.ca\/wp-content\/uploads\/distribution-services-multiblast.jpg 600w, https:\/\/www.multiblast.ca\/wp-content\/uploads\/distribution-services-multiblast-150x150.jpg 150w, https:\/\/www.multiblast.ca\/wp-content\/uploads\/distribution-services-multiblast-300x300.jpg 300w\" sizes=\"(max-width: 600px) 100vw, 600px\" \/><\/div><div class=\"projet_wrap_home_info\"><h4>Distribution-en<\/h4><p>Produits et abrasifs pour tous types de travaux de nettoyage, d\u00e9contamination, restauration et d\u00e9capage par jet. \u00c9quipement sp\u00e9cialis\u00e9 neuf et usag\u00e9.<\/p>\n<\/div><\/div><\/div><\/a><a href=\"http:\/\/www.multiblast.ca\/en\/services\/decapage-en\"><div class=\"service_wrap_action\"><div class=\"projet_wrap_home\"><div class=\"projet_wrap_home_icon\"><img width=\"600\" height=\"600\" src=\"https:\/\/www.multiblast.ca\/wp-content\/uploads\/decapage-services-multiblast.jpg\" class=\"attachment-post-thumbnail size-post-thumbnail wp-post-image\" alt=\"D\u00e9capage - Services - Multiblast\" loading=\"lazy\" srcset=\"https:\/\/www.multiblast.ca\/wp-content\/uploads\/decapage-services-multiblast.jpg 600w, https:\/\/www.multiblast.ca\/wp-content\/uploads\/decapage-services-multiblast-150x150.jpg 150w, https:\/\/www.multiblast.ca\/wp-content\/uploads\/decapage-services-multiblast-300x300.jpg 300w\" sizes=\"(max-width: 600px) 100vw, 600px\" \/><\/div><div class=\"projet_wrap_home_info\"><h4>D\u00e9capage-en<\/h4><p>Similaires au sablage au jet de sable, nos proc\u00e9d\u00e9s \u00e9cologiques de d\u00e9capage au jet de soda et de glace s\u00e8che d\u00e9capent et nettoient toutes les surfaces.<\/p>\n<\/div><\/div><\/div><\/a><\/div>\n<\/div><\/div><\/div><\/div><div id=\"pg-360-2\"  class=\"panel-grid panel-has-style\" ><div class=\"procedes_accueil siteorigin-panels-stretch full panel-row-style panel-row-style-for-360-2\" ><div id=\"pgc-360-2-0\"  class=\"panel-grid-cell\" ><div id=\"panel-360-2-0-0\" class=\"so-panel widget widget_siteorigin-panels-builder panel-first-child panel-last-child\" data-index=\"4\" ><div class=\"panel-widget-style panel-widget-style-for-360-2-0-0\" ><div id=\"pl-w570fd47e2d3fe\"  class=\"panel-layout\" ><div id=\"pg-w570fd47e2d3fe-0\"  class=\"panel-grid panel-has-style\" ><div class=\"siteorigin-panels-stretch boxed panel-row-style panel-row-style-for-w570fd47e2d3fe-0\" ><div id=\"pgc-w570fd47e2d3fe-0-0\"  class=\"panel-grid-cell\" ><div id=\"panel-w570fd47e2d3fe-0-0-0\" class=\"so-panel widget widget_element-titre panel-first-child\" data-index=\"0\" ><div class=\"so-widget-element-titre so-widget-element-titre-base\"><div class=\"gauche\"><h2>Solutions \u00e9cologiques<\/h2><\/div><\/div><\/div><div id=\"panel-w570fd47e2d3fe-0-0-1\" class=\"so-panel widget widget_element-titre\" data-index=\"1\" ><div class=\"so-widget-element-titre so-widget-element-titre-base\"><div class=\"gauche\"><h6>Des proc\u00e9d\u00e9s \u00e9conomiques et \u00e9cologiques<\/h6><\/div><\/div><\/div><div id=\"panel-w570fd47e2d3fe-0-0-2\" class=\"so-panel widget widget_element-bouton panel-last-child\" data-index=\"2\" ><div class=\"so-widget-element-bouton so-widget-element-bouton-base\"><div class=\"btn btn-blanc\"><a  href=\"https:\/\/www.multiblast.ca\/procedes-2\/\">Avantages<\/a><\/div><\/div><\/div><\/div><div id=\"pgc-w570fd47e2d3fe-0-1\"  class=\"panel-grid-cell\" ><div id=\"panel-w570fd47e2d3fe-0-1-0\" class=\"so-panel widget widget_text panel-first-child panel-last-child\" data-index=\"3\" >\t\t\t<div class=\"textwidget\"><iframe src=\"https:\/\/www.youtube.com\/embed\/srQucJf4AwQ\" frameborder=\"0\" allowfullscreen><\/iframe><\/div>\n\t\t<\/div><\/div><\/div><\/div><\/div><\/div><\/div><\/div><\/div><\/div><div id=\"pg-360-3\"  class=\"panel-grid panel-has-style\" ><div class=\"siteorigin-panels-stretch full panel-row-style panel-row-style-for-360-3\" ><div id=\"pgc-360-3-0\"  class=\"panel-grid-cell\" ><div id=\"panel-360-3-0-0\" class=\"so-panel widget widget_siteorigin-panels-builder panel-first-child panel-last-child\" data-index=\"5\" ><div class=\"panel-widget-style panel-widget-style-for-360-3-0-0\" ><div id=\"pl-w570fd98973885\"  class=\"panel-layout\" ><div id=\"pg-w570fd98973885-0\"  class=\"panel-grid panel-has-style\" ><div class=\"siteorigin-panels-stretch boxed panel-row-style panel-row-style-for-w570fd98973885-0\" ><div id=\"pgc-w570fd98973885-0-0\"  class=\"panel-grid-cell\" ><div id=\"panel-w570fd98973885-0-0-0\" class=\"so-panel widget widget_element-titre panel-first-child\" data-index=\"0\" ><div class=\"so-widget-element-titre so-widget-element-titre-base\"><div class=\"gauche\"><h2>Applications<\/h2><\/div><\/div><\/div><div id=\"panel-w570fd98973885-0-0-1\" class=\"so-panel widget widget_element-titre\" data-index=\"1\" ><div class=\"so-widget-element-titre so-widget-element-titre-base\"><div class=\"gauche\"><h6>Nettoyage et entretien sur de nombreux types de surfaces<\/h6><\/div><\/div><\/div><div class=\"so-widget-applications-accueil-section so-widget-applications-accueil-section-base\">\n<div id=\"content\">\n\n    <!-- Loop | Applications r\u00e9centes -->\n        <div class=\"projet_wrap\"><div class=\"projet_viewport\">                   <ul class=\"box\">\n                                            <li class=\"hidden\">\n                            <a class=\"fancybox\" rel=\"Industriel-en\" href=\"https:\/\/www.multiblast.ca\/wp-content\/uploads\/restauration-industriel-multiblast.jpg\">\n                                <div class=\"projet_viewport_action\"><i class=\"fa fa-search\" aria-hidden=\"true\"><\/i><\/div>\n                                <div class=\"projet_view\"><img src=\"https:\/\/www.multiblast.ca\/wp-content\/uploads\/restauration-industriel-multiblast.jpg\" alt=\"\" \/><\/div>\n                            <\/a>\n                            <p>Mine Hoist - Cleaning - Sodablast \r\nMultiblast Mobile Unit <\/p>\n                        <\/li>\n                                    <\/ul>\n                \n        <\/div><div class=\"projet_info\"><h3>Industriel-en<\/h3><div class=\"entry-content\"><p>Restauration et entretien de pi\u00e8ces d'\u00e9quipement industriel.<\/p>\n<\/div><\/div><\/div><div class=\"projet_wrap\"><div class=\"projet_viewport\">                   <ul class=\"box\">\n                                            <li class=\"hidden\">\n                            <a class=\"fancybox\" rel=\"Gallery\" href=\"https:\/\/www.multiblast.ca\/wp-content\/uploads\/decapage-peinture-soda-multiblast03.jpg\">\n                                <div class=\"projet_viewport_action\"><i class=\"fa fa-search\" aria-hidden=\"true\"><\/i><\/div>\n                                <div class=\"projet_view\"><img src=\"https:\/\/www.multiblast.ca\/wp-content\/uploads\/decapage-peinture-soda-multiblast03-1024x768.jpg\" alt=\"\" \/><\/div>\n                            <\/a>\n                            <p><\/p>\n                        <\/li>\n                                            <li class=\"hidden\">\n                            <a class=\"fancybox\" rel=\"Gallery\" href=\"https:\/\/www.multiblast.ca\/wp-content\/uploads\/decapage-peinture-soda-multiblast02.jpg\">\n                                <div class=\"projet_viewport_action\"><i class=\"fa fa-search\" aria-hidden=\"true\"><\/i><\/div>\n                                <div class=\"projet_view\"><img src=\"https:\/\/www.multiblast.ca\/wp-content\/uploads\/decapage-peinture-soda-multiblast02-1024x768.jpg\" alt=\"\" \/><\/div>\n                            <\/a>\n                            <p><\/p>\n                        <\/li>\n                                            <li class=\"hidden\">\n                            <a class=\"fancybox\" rel=\"Gallery\" href=\"https:\/\/www.multiblast.ca\/wp-content\/uploads\/decapage-peinture-soda-multiblast01.jpg\">\n                                <div class=\"projet_viewport_action\"><i class=\"fa fa-search\" aria-hidden=\"true\"><\/i><\/div>\n                                <div class=\"projet_view\"><img src=\"https:\/\/www.multiblast.ca\/wp-content\/uploads\/decapage-peinture-soda-multiblast01-1024x768.jpg\" alt=\"\" \/><\/div>\n                            <\/a>\n                            <p><\/p>\n                        <\/li>\n                                    <\/ul>\n                \n        <\/div><div class=\"projet_info\"><h3>Gallery<\/h3><div class=\"entry-content\"><p>D\u00e9capage d'une galerie r\u00e9sidentielle en bois.<\/p>\n<\/div><\/div><\/div><div class=\"projet_wrap\"><div class=\"projet_viewport\">                   <ul class=\"box\">\n                                            <li class=\"hidden\">\n                            <a class=\"fancybox\" rel=\"Apr\u00e8s sinistre EN\" href=\"https:\/\/www.multiblast.ca\/wp-content\/uploads\/sinistre-avant-assainissement-multiblast.jpg\">\n                                <div class=\"projet_viewport_action\"><i class=\"fa fa-search\" aria-hidden=\"true\"><\/i><\/div>\n                                <div class=\"projet_view\"><img src=\"https:\/\/www.multiblast.ca\/wp-content\/uploads\/sinistre-avant-assainissement-multiblast.jpg\" alt=\"\" \/><\/div>\n                            <\/a>\n                            <p><\/p>\n                        <\/li>\n                                            <li class=\"hidden\">\n                            <a class=\"fancybox\" rel=\"Apr\u00e8s sinistre EN\" href=\"https:\/\/www.multiblast.ca\/wp-content\/uploads\/assainissement-glace-seche-multiblast.jpg\">\n                                <div class=\"projet_viewport_action\"><i class=\"fa fa-search\" aria-hidden=\"true\"><\/i><\/div>\n                                <div class=\"projet_view\"><img src=\"https:\/\/www.multiblast.ca\/wp-content\/uploads\/assainissement-glace-seche-multiblast.jpg\" alt=\"\" \/><\/div>\n                            <\/a>\n                            <p><\/p>\n                        <\/li>\n                                            <li class=\"hidden\">\n                            <a class=\"fancybox\" rel=\"Apr\u00e8s sinistre EN\" href=\"https:\/\/www.multiblast.ca\/wp-content\/uploads\/assainissement-apres-sinistre-multiblast.jpg\">\n                                <div class=\"projet_viewport_action\"><i class=\"fa fa-search\" aria-hidden=\"true\"><\/i><\/div>\n                                <div class=\"projet_view\"><img src=\"https:\/\/www.multiblast.ca\/wp-content\/uploads\/assainissement-apres-sinistre-multiblast.jpg\" alt=\"\" \/><\/div>\n                            <\/a>\n                            <p><\/p>\n                        <\/li>\n                                    <\/ul>\n                \n        <\/div><div class=\"projet_info\"><h3>Apr\u00e8s sinistre EN<\/h3><div class=\"entry-content\"><p>D\u00e9contamination, nettoyage et assainissement apr\u00e8s sinistre.<\/p>\n<\/div><\/div><\/div><div class=\"projet_wrap\"><div class=\"projet_viewport\">                   <ul class=\"box\">\n                                            <li class=\"hidden\">\n                            <a class=\"fancybox\" rel=\"Apr\u00e8s sinistre-en\" href=\"https:\/\/www.multiblast.ca\/wp-content\/uploads\/decontamination-sinistre-apres-multiblast.jpg\">\n                                <div class=\"projet_viewport_action\"><i class=\"fa fa-search\" aria-hidden=\"true\"><\/i><\/div>\n                                <div class=\"projet_view\"><img src=\"https:\/\/www.multiblast.ca\/wp-content\/uploads\/decontamination-sinistre-apres-multiblast.jpg\" alt=\"\" \/><\/div>\n                            <\/a>\n                            <p><\/p>\n                        <\/li>\n                                            <li class=\"hidden\">\n                            <a class=\"fancybox\" rel=\"Apr\u00e8s sinistre-en\" href=\"https:\/\/www.multiblast.ca\/wp-content\/uploads\/decontamination-sinistre-avant-multiblast.jpg\">\n                                <div class=\"projet_viewport_action\"><i class=\"fa fa-search\" aria-hidden=\"true\"><\/i><\/div>\n                                <div class=\"projet_view\"><img src=\"https:\/\/www.multiblast.ca\/wp-content\/uploads\/decontamination-sinistre-avant-multiblast.jpg\" alt=\"\" \/><\/div>\n                            <\/a>\n                            <p><\/p>\n                        <\/li>\n                                    <\/ul>\n                \n        <\/div><div class=\"projet_info\"><h3>Apr\u00e8s sinistre-en<\/h3><div class=\"entry-content\"><p>Nettoyage et d\u00e9contamination apr\u00e8s sinistre - Incendie.<\/p>\n<\/div><\/div><\/div><\/div><\/div><\/div><\/div><\/div><\/div><\/div><\/div><\/div><\/div><\/div><\/div>","protected":false},"excerpt":{"rendered":"<p>T\u00e9l\u00e9charger notre brochure de services Services Multiblast Proc\u00e9d\u00e9s et produits \u00e9cologiques de glace s\u00e8che et sodablast Nettoyage Un nettoyage efficace &hellip;<\/p>\n","protected":false},"author":1,"featured_media":0,"parent":0,"menu_order":5,"comment_status":"closed","ping_status":"closed","template":"template-home.php","meta":[],"_links":{"self":[{"href":"https:\/\/www.multiblast.ca\/en\/wp-json\/wp\/v2\/pages\/360"}],"collection":[{"href":"https:\/\/www.multiblast.ca\/en\/wp-json\/wp\/v2\/pages"}],"about":[{"href":"https:\/\/www.multiblast.ca\/en\/wp-json\/wp\/v2\/types\/page"}],"author":[{"embeddable":true,"href":"https:\/\/www.multiblast.ca\/en\/wp-json\/wp\/v2\/users\/1"}],"replies":[{"embeddable":true,"href":"https:\/\/www.multiblast.ca\/en\/wp-json\/wp\/v2\/comments?post=360"}],"version-history":[{"count":1,"href":"https:\/\/www.multiblast.ca\/en\/wp-json\/wp\/v2\/pages\/360\/revisions"}],"predecessor-version":[{"id":361,"href":"https:\/\/www.multiblast.ca\/en\/wp-json\/wp\/v2\/pages\/360\/revisions\/361"}],"wp:attachment":[{"href":"https:\/\/www.multiblast.ca\/en\/wp-json\/wp\/v2\/media?parent=360"}],"curies":[{"name":"wp","href":"https:\/\/api.w.org\/{rel}","templated":true}]}}