{"id":370,"date":"2016-03-14T11:13:34","date_gmt":"2016-03-14T15:13:34","guid":{"rendered":"http:\/\/www.multiblast.ca\/en\/nous-joindre\/"},"modified":"2016-04-18T15:51:28","modified_gmt":"2016-04-18T19:51:28","slug":"contact","status":"publish","type":"page","link":"http:\/\/www.multiblast.ca\/en\/contact\/","title":{"rendered":"Contact"},"content":{"rendered":"<div id=\"pl-370\"  class=\"panel-layout\" ><div id=\"pg-370-0\"  class=\"panel-grid panel-has-style\" ><div class=\"coordonnees siteorigin-panels-stretch full panel-row-style panel-row-style-for-370-0\" ><div id=\"pgc-370-0-0\"  class=\"panel-grid-cell\" ><div id=\"panel-370-0-0-0\" class=\"so-panel widget widget_siteorigin-panels-builder panel-first-child panel-last-child\" data-index=\"0\" ><div id=\"pl-w57110a695d666\"  class=\"panel-layout\" ><div id=\"pg-w57110a695d666-0\"  class=\"panel-grid panel-has-style\" ><div class=\"siteorigin-panels-stretch boxed panel-row-style panel-row-style-for-w57110a695d666-0\" ><div id=\"pgc-w57110a695d666-0-0\"  class=\"panel-grid-cell\" ><div id=\"panel-w57110a695d666-0-0-0\" class=\"so-panel widget widget_widget_sp_image widget_sp_image panel-first-child panel-last-child\" data-index=\"0\" ><img width=\"1086\" height=\"1737\" alt=\"Dave Aub\u00e9 - Propri\u00e9taire - Multiblast\" class=\"attachment-full\" style=\"max-width: 100%;\" srcset=\"http:\/\/www.multiblast.ca\/wp-content\/uploads\/dave-aube-proprietaire-multiblast.jpg 1086w, http:\/\/www.multiblast.ca\/wp-content\/uploads\/dave-aube-proprietaire-multiblast-188x300.jpg 188w, http:\/\/www.multiblast.ca\/wp-content\/uploads\/dave-aube-proprietaire-multiblast-640x1024.jpg 640w\" sizes=\"(max-width: 1086px) 100vw, 1086px\" src=\"http:\/\/www.multiblast.ca\/wp-content\/uploads\/dave-aube-proprietaire-multiblast.jpg\" \/><\/div><\/div><div id=\"pgc-w57110a695d666-0-1\"  class=\"panel-grid-cell panel-grid-cell-empty\" ><\/div><div id=\"pgc-w57110a695d666-0-2\"  class=\"panel-grid-cell\" ><div id=\"panel-w57110a695d666-0-2-0\" class=\"so-panel widget widget_sow-editor panel-first-child\" data-index=\"1\" ><div class=\"so-widget-sow-editor so-widget-sow-editor-base\">\n<div class=\"siteorigin-widget-tinymce textwidget\">\n\t<h2>\u00a0<\/h2>\n<h2>Coordonn\u00e9es<\/h2>\n<p><strong>SERVICES MULTIBLAST INC.<\/strong><br \/> 6, AVENUE COUSINEAU<br \/> LA SARRE QC\u00a0\u00a0J9Z 2X2<br \/> 819 301-3492<br \/> <a href=\"mailto:info@multiblast.ca\">INFO@MULTIBLAST<\/a><\/p>\n<\/div>\n<\/div><\/div><div id=\"panel-w57110a695d666-0-2-1\" class=\"so-panel widget widget_element-titre panel-last-child\" data-index=\"2\" ><div class=\"so-widget-element-titre so-widget-element-titre-base\"><div class=\"gauche\"><h6>DAVE AUB\u00c9, PROPRI\u00c9TAIRE<\/h6><\/div><\/div><\/div><\/div><\/div><\/div><\/div><\/div><\/div><\/div><\/div><div id=\"pg-370-1\"  class=\"panel-grid panel-has-style\" ><div class=\"siteorigin-panels-stretch boxed panel-row-style panel-row-style-for-370-1\" id=\"quote\" ><div id=\"pgc-370-1-0\"  class=\"panel-grid-cell\" ><div id=\"panel-370-1-0-0\" class=\"so-panel widget widget_element-titre panel-first-child\" data-index=\"1\" ><div class=\"so-widget-element-titre so-widget-element-titre-base\"><div class=\"gauche\"><h2>Demander une soumission<\/h2><\/div><\/div><\/div><div id=\"panel-370-1-0-1\" class=\"so-panel widget widget_sow-editor\" data-index=\"2\" ><div class=\"so-widget-sow-editor so-widget-sow-editor-base\">\n<div class=\"siteorigin-widget-tinymce textwidget\">\n\t<p>Pour des renseignements g\u00e9n\u00e9raux, des questions ou commentaires, n\u2019h\u00e9sitez pas \u00e0 nous contacter. Il nous fera plaisir de vous r\u00e9pondre.<\/p>\n<\/div>\n<\/div><\/div><div id=\"panel-370-1-0-2\" class=\"so-panel widget widget_text panel-last-child\" data-index=\"3\" >\t\t\t<div class=\"textwidget\"><div role=\"form\" class=\"wpcf7\" id=\"wpcf7-f406-o1\" lang=\"fr-FR\" dir=\"ltr\">\n<div class=\"screen-reader-response\"><p role=\"status\" aria-live=\"polite\" aria-atomic=\"true\"><\/p> <ul><\/ul><\/div>\n<form action=\"\/en\/wp-json\/wp\/v2\/pages\/370#wpcf7-f406-o1\" method=\"post\" class=\"wpcf7-form init\" enctype=\"multipart\/form-data\" novalidate=\"novalidate\" data-status=\"init\">\n<div style=\"display: none;\">\n<input type=\"hidden\" name=\"_wpcf7\" value=\"406\" \/>\n<input type=\"hidden\" name=\"_wpcf7_version\" value=\"5.3.1\" \/>\n<input type=\"hidden\" name=\"_wpcf7_locale\" value=\"fr_FR\" \/>\n<input type=\"hidden\" name=\"_wpcf7_unit_tag\" value=\"wpcf7-f406-o1\" \/>\n<input type=\"hidden\" name=\"_wpcf7_container_post\" value=\"0\" \/>\n<input type=\"hidden\" name=\"_wpcf7_posted_data_hash\" value=\"\" \/>\n<\/div>\n<p><span class=\"wpcf7-form-control-wrap your-name\"><input type=\"text\" name=\"your-name\" value=\"\" size=\"40\" class=\"wpcf7-form-control wpcf7-text wpcf7-validates-as-required\" aria-required=\"true\" aria-invalid=\"false\" placeholder=\"Name*\" \/><\/span><br \/>\n<span class=\"wpcf7-form-control-wrap your-email\"><input type=\"email\" name=\"your-email\" value=\"\" size=\"40\" class=\"wpcf7-form-control wpcf7-text wpcf7-email wpcf7-validates-as-required wpcf7-validates-as-email\" aria-required=\"true\" aria-invalid=\"false\" placeholder=\"Email*\" \/><\/span><br \/>\n<span class=\"wpcf7-form-control-wrap your-subject\"><input type=\"text\" name=\"your-subject\" value=\"\" size=\"40\" class=\"wpcf7-form-control wpcf7-text\" aria-invalid=\"false\" placeholder=\"Subjet\" \/><\/span><\/p>\n<h4>Services<\/h4>\n<div class=\"checkbox\"><span class=\"wpcf7-form-control-wrap Services\"><span class=\"wpcf7-form-control wpcf7-checkbox\"><span class=\"wpcf7-list-item first\"><label><input type=\"checkbox\" name=\"Services[]\" value=\"Nettoyage\" \/><span class=\"wpcf7-list-item-label\">Nettoyage<\/span><\/label><\/span><span class=\"wpcf7-list-item\"><label><input type=\"checkbox\" name=\"Services[]\" value=\"D\u00e9capage\" \/><span class=\"wpcf7-list-item-label\">D\u00e9capage<\/span><\/label><\/span><span class=\"wpcf7-list-item\"><label><input type=\"checkbox\" name=\"Services[]\" value=\"D\u00e9contamination\" \/><span class=\"wpcf7-list-item-label\">D\u00e9contamination<\/span><\/label><\/span><span class=\"wpcf7-list-item\"><label><input type=\"checkbox\" name=\"Services[]\" value=\"Restauration\" \/><span class=\"wpcf7-list-item-label\">Restauration<\/span><\/label><\/span><span class=\"wpcf7-list-item\"><label><input type=\"checkbox\" name=\"Services[]\" value=\"Peinture\" \/><span class=\"wpcf7-list-item-label\">Peinture<\/span><\/label><\/span><span class=\"wpcf7-list-item last\"><label><input type=\"checkbox\" name=\"Services[]\" value=\"Distribution\" \/><span class=\"wpcf7-list-item-label\">Distribution<\/span><\/label><\/span><\/span><\/span><\/div>\n<p><span class=\"wpcf7-form-control-wrap your-message\"><textarea name=\"your-message\" cols=\"40\" rows=\"10\" class=\"wpcf7-form-control wpcf7-textarea\" aria-invalid=\"false\" placeholder=\"Message\"><\/textarea><\/span><\/p>\n<h4>Photo(s)<\/h4>\n<p><span class=\"wpcf7-form-control-wrap Photo1\"><input type=\"file\" name=\"Photo1\" size=\"40\" class=\"wpcf7-form-control wpcf7-file\" accept=\".exe,.jpg,.gif,.png\" aria-invalid=\"false\" \/><\/span><br \/>\n<span class=\"wpcf7-form-control-wrap Photo2\"><input type=\"file\" name=\"Photo2\" size=\"40\" class=\"wpcf7-form-control wpcf7-file\" accept=\".exe,.jpg,.gif,.png\" aria-invalid=\"false\" \/><\/span><br \/>\n<span class=\"wpcf7-form-control-wrap Photo3\"><input type=\"file\" name=\"Photo3\" size=\"40\" class=\"wpcf7-form-control wpcf7-file\" accept=\".exe,.jpg,.gif,.png\" aria-invalid=\"false\" \/><\/span><\/p>\n<div style=\"text-align:center;\"><input type=\"submit\" value=\"SEND\" class=\"wpcf7-form-control wpcf7-submit\" \/><\/div>\n<div class=\"wpcf7-response-output\" aria-hidden=\"true\"><\/div><\/form><\/div><\/div>\n\t\t<\/div><\/div><\/div><\/div><div id=\"pg-370-2\"  class=\"panel-grid panel-has-style\" ><div class=\"siteorigin-panels-stretch full panel-row-style panel-row-style-for-370-2\" ><div id=\"pgc-370-2-0\"  class=\"panel-grid-cell\" ><div id=\"panel-370-2-0-0\" class=\"so-panel widget widget_sow-google-map panel-first-child panel-last-child\" data-index=\"4\" ><div class=\"so-widget-sow-google-map so-widget-sow-google-map-default-5006d6f6236c\">\n<div class=\"sow-google-map-canvas\"\n\tstyle=\"\"\n\tid=\"map-canvas-96c10d69b91909adacf17c7124037a3f\"\n\tdata-options=\"{&quot;address&quot;:&quot;6, avenue Cousineau\\nLa Sarre QC  J9Z 2X2&quot;,&quot;zoom&quot;:10,&quot;mobileZoom&quot;:10,&quot;gestureHandling&quot;:&quot;cooperative&quot;,&quot;disableUi&quot;:false,&quot;keepCentered&quot;:false,&quot;markerIcon&quot;:&quot;http:\\\/\\\/www.multiblast.ca\\\/wp-content\\\/uploads\\\/map-marker-multiblast.png&quot;,&quot;markersDraggable&quot;:false,&quot;markerAtCenter&quot;:true,&quot;markerInfoDisplay&quot;:&quot;click&quot;,&quot;markerInfoMultiple&quot;:true,&quot;markerPositions&quot;:&quot;&quot;,&quot;mapName&quot;:&quot;Multiblast&quot;,&quot;mapStyles&quot;:[{&quot;featureType&quot;:&quot;water&quot;,&quot;elementType&quot;:&quot;geometry&quot;,&quot;stylers&quot;:[{&quot;color&quot;:&quot;#e9e9e9&quot;},{&quot;lightness&quot;:17}]},{&quot;featureType&quot;:&quot;landscape&quot;,&quot;elementType&quot;:&quot;geometry&quot;,&quot;stylers&quot;:[{&quot;color&quot;:&quot;#f5f5f5&quot;},{&quot;lightness&quot;:20}]},{&quot;featureType&quot;:&quot;road.highway&quot;,&quot;elementType&quot;:&quot;geometry.fill&quot;,&quot;stylers&quot;:[{&quot;color&quot;:&quot;#ffffff&quot;},{&quot;lightness&quot;:17}]},{&quot;featureType&quot;:&quot;road.highway&quot;,&quot;elementType&quot;:&quot;geometry.stroke&quot;,&quot;stylers&quot;:[{&quot;color&quot;:&quot;#ffffff&quot;},{&quot;lightness&quot;:29},{&quot;weight&quot;:0.2}]},{&quot;featureType&quot;:&quot;road.arterial&quot;,&quot;elementType&quot;:&quot;geometry&quot;,&quot;stylers&quot;:[{&quot;color&quot;:&quot;#ffffff&quot;},{&quot;lightness&quot;:18}]},{&quot;featureType&quot;:&quot;road.local&quot;,&quot;elementType&quot;:&quot;geometry&quot;,&quot;stylers&quot;:[{&quot;color&quot;:&quot;#ffffff&quot;},{&quot;lightness&quot;:16}]},{&quot;featureType&quot;:&quot;poi&quot;,&quot;elementType&quot;:&quot;geometry&quot;,&quot;stylers&quot;:[{&quot;color&quot;:&quot;#f5f5f5&quot;},{&quot;lightness&quot;:21}]},{&quot;featureType&quot;:&quot;poi.park&quot;,&quot;elementType&quot;:&quot;geometry&quot;,&quot;stylers&quot;:[{&quot;color&quot;:&quot;#dedede&quot;},{&quot;lightness&quot;:21}]},{&quot;elementType&quot;:&quot;labels.text.stroke&quot;,&quot;stylers&quot;:[{&quot;visibility&quot;:&quot;on&quot;},{&quot;color&quot;:&quot;#ffffff&quot;},{&quot;lightness&quot;:16}]},{&quot;elementType&quot;:&quot;labels.text.fill&quot;,&quot;stylers&quot;:[{&quot;saturation&quot;:36},{&quot;color&quot;:&quot;#333333&quot;},{&quot;lightness&quot;:40}]},{&quot;elementType&quot;:&quot;labels.icon&quot;,&quot;stylers&quot;:[{&quot;visibility&quot;:&quot;off&quot;}]},{&quot;featureType&quot;:&quot;transit&quot;,&quot;elementType&quot;:&quot;geometry&quot;,&quot;stylers&quot;:[{&quot;color&quot;:&quot;#f2f2f2&quot;},{&quot;lightness&quot;:19}]},{&quot;featureType&quot;:&quot;administrative&quot;,&quot;elementType&quot;:&quot;geometry.fill&quot;,&quot;stylers&quot;:[{&quot;color&quot;:&quot;#fefefe&quot;},{&quot;lightness&quot;:20}]},{&quot;featureType&quot;:&quot;administrative&quot;,&quot;elementType&quot;:&quot;geometry.stroke&quot;,&quot;stylers&quot;:[{&quot;color&quot;:&quot;#fefefe&quot;},{&quot;lightness&quot;:17},{&quot;weight&quot;:1.2}]}],&quot;directions&quot;:&quot;&quot;,&quot;apiKey&quot;:&quot;AIzaSyBudYJyfp5ccF7RHiV7L9XiJoUd23Srm88&quot;,&quot;breakpoint&quot;:780}\"\n\tdata-fallback-image=\"{&quot;img&quot;:&quot;&quot;}\"><\/div>\n<\/div><\/div><\/div><\/div><\/div><\/div>","protected":false},"excerpt":{"rendered":"<p>Pour des renseignements g\u00e9n\u00e9raux, des questions ou commentaires, n\u2019h\u00e9sitez pas \u00e0 nous contacter. Il nous fera plaisir de vous r\u00e9pondre.<\/p>\n","protected":false},"author":1,"featured_media":0,"parent":0,"menu_order":21,"comment_status":"closed","ping_status":"closed","template":"","meta":[],"_links":{"self":[{"href":"http:\/\/www.multiblast.ca\/en\/wp-json\/wp\/v2\/pages\/370"}],"collection":[{"href":"http:\/\/www.multiblast.ca\/en\/wp-json\/wp\/v2\/pages"}],"about":[{"href":"http:\/\/www.multiblast.ca\/en\/wp-json\/wp\/v2\/types\/page"}],"author":[{"embeddable":true,"href":"http:\/\/www.multiblast.ca\/en\/wp-json\/wp\/v2\/users\/1"}],"replies":[{"embeddable":true,"href":"http:\/\/www.multiblast.ca\/en\/wp-json\/wp\/v2\/comments?post=370"}],"version-history":[{"count":4,"href":"http:\/\/www.multiblast.ca\/en\/wp-json\/wp\/v2\/pages\/370\/revisions"}],"predecessor-version":[{"id":409,"href":"http:\/\/www.multiblast.ca\/en\/wp-json\/wp\/v2\/pages\/370\/revisions\/409"}],"wp:attachment":[{"href":"http:\/\/www.multiblast.ca\/en\/wp-json\/wp\/v2\/media?parent=370"}],"curies":[{"name":"wp","href":"https:\/\/api.w.org\/{rel}","templated":true}]}}